{"id":796,"date":"2019-01-13T16:37:44","date_gmt":"2019-01-13T16:37:44","guid":{"rendered":"https:\/\/x-theme.com\/avas-education\/?page_id=796"},"modified":"2026-02-01T06:03:37","modified_gmt":"2026-02-01T06:03:37","slug":"contact","status":"publish","type":"page","link":"https:\/\/www.sasretail.com\/es\/contact\/","title":{"rendered":"P\u00f3ngase en contacto con"},"content":{"rendered":"<div data-elementor-type=\"wp-post\" data-elementor-id=\"796\" class=\"elementor elementor-796\" data-elementor-post-type=\"page\">\n\t\t\t\t\t\t<section class=\"elementor-section elementor-top-section elementor-element elementor-element-25603f3 elementor-section-boxed elementor-section-height-default elementor-section-height-default\" data-id=\"25603f3\" data-element_type=\"section\" data-settings=\"{&quot;shape_divider_top&quot;:&quot;curve&quot;}\">\n\t\t\t\t\t\t\t<div class=\"elementor-background-overlay\"><\/div>\n\t\t\t\t\t\t<div class=\"elementor-shape elementor-shape-top\" aria-hidden=\"true\" data-negative=\"false\">\n\t\t\t<svg xmlns=\"http:\/\/www.w3.org\/2000\/svg\" viewbox=\"0 0 1000 100\" preserveaspectratio=\"none\">\n    <path class=\"elementor-shape-fill\" d=\"M1000,4.3V0H0v4.3C0.9,23.1,126.7,99.2,500,100S1000,22.7,1000,4.3z\"\/>\n<\/svg>\t\t<\/div>\n\t\t\t\t\t<div class=\"elementor-container elementor-column-gap-default\">\n\t\t\t\t\t<div class=\"elementor-column elementor-col-33 elementor-top-column elementor-element elementor-element-fd07763\" data-id=\"fd07763\" data-element_type=\"column\">\n\t\t\t<div class=\"elementor-widget-wrap elementor-element-populated\">\n\t\t\t\t\t\t<div class=\"elementor-element elementor-element-6c5a6b8 elementor-widget elementor-widget-spacer\" data-id=\"6c5a6b8\" data-element_type=\"widget\" data-widget_type=\"spacer.default\">\n\t\t\t\t<div class=\"elementor-widget-container\">\n\t\t\t\t\t\t\t<div class=\"elementor-spacer\">\n\t\t\t<div class=\"elementor-spacer-inner\"><\/div>\n\t\t<\/div>\n\t\t\t\t\t\t<\/div>\n\t\t\t\t<\/div>\n\t\t\t\t<div class=\"elementor-element elementor-element-3dbba47 elementor-widget elementor-widget-heading\" data-id=\"3dbba47\" data-element_type=\"widget\" data-widget_type=\"heading.default\">\n\t\t\t\t<div class=\"elementor-widget-container\">\n\t\t\t\t\t<h2 class=\"elementor-heading-title elementor-size-default\">TU NUEVA CARRERA ES #POSIBLE AQU\u00cd<\/h2>\t\t\t\t<\/div>\n\t\t\t\t<\/div>\n\t\t\t\t<div class=\"elementor-element elementor-element-527ca97 elementor-widget elementor-widget-text-editor\" data-id=\"527ca97\" data-element_type=\"widget\" data-widget_type=\"text-editor.default\">\n\t\t\t\t<div class=\"elementor-widget-container\">\n\t\t\t\t\t\t\t\t\t<p>\u00danete a nuestro equipo de personas y ayuda a hacer las cosas #posibles en Retail. <a href=\"https:\/\/www.sasretail.com\/es\/sas-retail-services-search\/\"><span class=\"jk-color-custom-caribbean\">Haga clic aqu\u00ed <\/span><\/a>para buscar oportunidades profesionales cerca de usted.<\/p><p>Desea m\u00e1s informaci\u00f3n antes de actuar, <span class=\"jk-color-custom-caribbean\"><a href=\"https:\/\/www.sasretail.com\/es\/sas-retail-i-want-a-career\/\">pulse aqu\u00ed<\/a><\/span> para ver un v\u00eddeo en el que algunos miembros de nuestro equipo describen su experiencia.<\/p>\t\t\t\t\t\t\t\t<\/div>\n\t\t\t\t<\/div>\n\t\t\t\t\t<\/div>\n\t\t<\/div>\n\t\t\t\t<div class=\"elementor-column elementor-col-66 elementor-top-column elementor-element elementor-element-83bf985\" data-id=\"83bf985\" data-element_type=\"column\">\n\t\t\t<div class=\"elementor-widget-wrap elementor-element-populated\">\n\t\t\t\t\t\t<div class=\"elementor-element elementor-element-f906122 elementor-widget elementor-widget-spacer\" data-id=\"f906122\" data-element_type=\"widget\" data-widget_type=\"spacer.default\">\n\t\t\t\t<div class=\"elementor-widget-container\">\n\t\t\t\t\t\t\t<div class=\"elementor-spacer\">\n\t\t\t<div class=\"elementor-spacer-inner\"><\/div>\n\t\t<\/div>\n\t\t\t\t\t\t<\/div>\n\t\t\t\t<\/div>\n\t\t\t\t<div class=\"elementor-element elementor-element-469bf54 elementor-widget__width-initial elementor-widget elementor-widget-image\" data-id=\"469bf54\" data-element_type=\"widget\" data-widget_type=\"image.default\">\n\t\t\t\t<div class=\"elementor-widget-container\">\n\t\t\t\t\t\t\t\t\t\t\t\t\t\t\t<img fetchpriority=\"high\" decoding=\"async\" width=\"800\" height=\"534\" src=\"https:\/\/www.sasretail.com\/wp-content\/uploads\/2023\/04\/S5A9851-DAY02-1024x683.jpg\" class=\"attachment-large size-large wp-image-6546\" alt=\"\" srcset=\"https:\/\/www.sasretail.com\/wp-content\/uploads\/2023\/04\/S5A9851-DAY02-1024x683.jpg 1024w, https:\/\/www.sasretail.com\/wp-content\/uploads\/2023\/04\/S5A9851-DAY02-300x200.jpg 300w, https:\/\/www.sasretail.com\/wp-content\/uploads\/2023\/04\/S5A9851-DAY02-768x512.jpg 768w, https:\/\/www.sasretail.com\/wp-content\/uploads\/2023\/04\/S5A9851-DAY02-1536x1025.jpg 1536w, https:\/\/www.sasretail.com\/wp-content\/uploads\/2023\/04\/S5A9851-DAY02-18x12.jpg 18w, https:\/\/www.sasretail.com\/wp-content\/uploads\/2023\/04\/S5A9851-DAY02.jpg 2048w\" sizes=\"(max-width: 800px) 100vw, 800px\" \/>\t\t\t\t\t\t\t\t\t\t\t\t\t\t\t<\/div>\n\t\t\t\t<\/div>\n\t\t\t\t\t<\/div>\n\t\t<\/div>\n\t\t\t\t\t<\/div>\n\t\t<\/section>\n\t\t\t\t<section class=\"elementor-section elementor-top-section elementor-element elementor-element-41603f08 elementor-section-boxed elementor-section-height-default elementor-section-height-default\" data-id=\"41603f08\" data-element_type=\"section\">\n\t\t\t\t\t\t<div class=\"elementor-container elementor-column-gap-default\">\n\t\t\t\t\t<div class=\"elementor-column elementor-col-33 elementor-top-column elementor-element elementor-element-588466cd\" data-id=\"588466cd\" data-element_type=\"column\">\n\t\t\t<div class=\"elementor-widget-wrap elementor-element-populated\">\n\t\t\t\t\t\t<div class=\"elementor-element elementor-element-4825e879 elementor-view-default elementor-position-top elementor-mobile-position-top elementor-widget elementor-widget-icon-box\" data-id=\"4825e879\" data-element_type=\"widget\" data-widget_type=\"icon-box.default\">\n\t\t\t\t<div class=\"elementor-widget-container\">\n\t\t\t\t\t\t\t<div class=\"elementor-icon-box-wrapper\">\n\n\t\t\t\t\t\t<div class=\"elementor-icon-box-icon\">\n\t\t\t\t<span  class=\"elementor-icon\">\n\t\t\t\t<i aria-hidden=\"true\" class=\"fas fa-home\"><\/i>\t\t\t\t<\/span>\n\t\t\t<\/div>\n\t\t\t\n\t\t\t\t\t\t<div class=\"elementor-icon-box-content\">\n\n\t\t\t\t\t\t\t\t\t<h3 class=\"elementor-icon-box-title\">\n\t\t\t\t\t\t<span  >\n\t\t\t\t\t\t\tVis\u00edtenos\t\t\t\t\t\t<\/span>\n\t\t\t\t\t<\/h3>\n\t\t\t\t\n\t\t\t\t\t\t\t\t\t<p class=\"elementor-icon-box-description\">\n\t\t\t\t\t\tNuestra oficina de Orange:\n\t\t\t\t\t<\/p>\n\t\t\t\t\n\t\t\t<\/div>\n\t\t\t\n\t\t<\/div>\n\t\t\t\t\t\t<\/div>\n\t\t\t\t<\/div>\n\t\t\t\t<div class=\"elementor-element elementor-element-5828db18 elementor-widget elementor-widget-heading\" data-id=\"5828db18\" data-element_type=\"widget\" data-widget_type=\"heading.default\">\n\t\t\t\t<div class=\"elementor-widget-container\">\n\t\t\t\t\t<p class=\"elementor-heading-title elementor-size-large\">1575 N. Main Street\n\nOrange, CA 92867<\/p>\t\t\t\t<\/div>\n\t\t\t\t<\/div>\n\t\t\t\t\t<\/div>\n\t\t<\/div>\n\t\t\t\t<div class=\"elementor-column elementor-col-33 elementor-top-column elementor-element elementor-element-77bd79e2\" data-id=\"77bd79e2\" data-element_type=\"column\">\n\t\t\t<div class=\"elementor-widget-wrap elementor-element-populated\">\n\t\t\t\t\t\t<div class=\"elementor-element elementor-element-410762e9 elementor-view-default elementor-position-top elementor-mobile-position-top elementor-widget elementor-widget-icon-box\" data-id=\"410762e9\" data-element_type=\"widget\" data-widget_type=\"icon-box.default\">\n\t\t\t\t<div class=\"elementor-widget-container\">\n\t\t\t\t\t\t\t<div class=\"elementor-icon-box-wrapper\">\n\n\t\t\t\t\t\t<div class=\"elementor-icon-box-icon\">\n\t\t\t\t<span  class=\"elementor-icon\">\n\t\t\t\t<i aria-hidden=\"true\" class=\"fas fa-phone\"><\/i>\t\t\t\t<\/span>\n\t\t\t<\/div>\n\t\t\t\n\t\t\t\t\t\t<div class=\"elementor-icon-box-content\">\n\n\t\t\t\t\t\t\t\t\t<h3 class=\"elementor-icon-box-title\">\n\t\t\t\t\t\t<span  >\n\t\t\t\t\t\t\tLl\u00e1manos\t\t\t\t\t\t<\/span>\n\t\t\t\t\t<\/h3>\n\t\t\t\t\n\t\t\t\t\t\t\t\t\t<p class=\"elementor-icon-box-description\">\n\t\t\t\t\t\tEl Servicio de Atenci\u00f3n al Cliente est\u00e1 aqu\u00ed para ayudarle:\t\t\t\t\t<\/p>\n\t\t\t\t\n\t\t\t<\/div>\n\t\t\t\n\t\t<\/div>\n\t\t\t\t\t\t<\/div>\n\t\t\t\t<\/div>\n\t\t\t\t<div class=\"elementor-element elementor-element-ab1fda3 elementor-widget elementor-widget-heading\" data-id=\"ab1fda3\" data-element_type=\"widget\" data-widget_type=\"heading.default\">\n\t\t\t\t<div class=\"elementor-widget-container\">\n\t\t\t\t\t<p class=\"elementor-heading-title elementor-size-large\">1-888-649-1075\n<\/p>\t\t\t\t<\/div>\n\t\t\t\t<\/div>\n\t\t\t\t\t<\/div>\n\t\t<\/div>\n\t\t\t\t<div class=\"elementor-column elementor-col-33 elementor-top-column elementor-element elementor-element-40963c23\" data-id=\"40963c23\" data-element_type=\"column\">\n\t\t\t<div class=\"elementor-widget-wrap elementor-element-populated\">\n\t\t\t\t\t\t<div class=\"elementor-element elementor-element-228bd048 elementor-view-default elementor-position-top elementor-mobile-position-top elementor-widget elementor-widget-icon-box\" data-id=\"228bd048\" data-element_type=\"widget\" data-widget_type=\"icon-box.default\">\n\t\t\t\t<div class=\"elementor-widget-container\">\n\t\t\t\t\t\t\t<div class=\"elementor-icon-box-wrapper\">\n\n\t\t\t\t\t\t<div class=\"elementor-icon-box-icon\">\n\t\t\t\t<span  class=\"elementor-icon\">\n\t\t\t\t<i aria-hidden=\"true\" class=\"far fa-envelope\"><\/i>\t\t\t\t<\/span>\n\t\t\t<\/div>\n\t\t\t\n\t\t\t\t\t\t<div class=\"elementor-icon-box-content\">\n\n\t\t\t\t\t\t\t\t\t<h3 class=\"elementor-icon-box-title\">\n\t\t\t\t\t\t<span  >\n\t\t\t\t\t\t\tP\u00f3ngase en contacto con nosotros\t\t\t\t\t\t<\/span>\n\t\t\t\t\t<\/h3>\n\t\t\t\t\n\t\t\t\t\t\t\t\t\t<p class=\"elementor-icon-box-description\">\n\t\t\t\t\t\tEnv\u00edenos un correo electr\u00f3nico:\n\t\t\t\t\t<\/p>\n\t\t\t\t\n\t\t\t<\/div>\n\t\t\t\n\t\t<\/div>\n\t\t\t\t\t\t<\/div>\n\t\t\t\t<\/div>\n\t\t\t\t<div class=\"elementor-element elementor-element-7c0e05af elementor-widget elementor-widget-heading\" data-id=\"7c0e05af\" data-element_type=\"widget\" data-widget_type=\"heading.default\">\n\t\t\t\t<div class=\"elementor-widget-container\">\n\t\t\t\t\t<p class=\"elementor-heading-title elementor-size-large\">services@sasretailservices.com<\/p>\t\t\t\t<\/div>\n\t\t\t\t<\/div>\n\t\t\t\t\t<\/div>\n\t\t<\/div>\n\t\t\t\t\t<\/div>\n\t\t<\/section>\n\t\t\t\t<section class=\"elementor-section elementor-top-section elementor-element elementor-element-e766e03 elementor-section-full_width elementor-section-height-default elementor-section-height-default\" data-id=\"e766e03\" data-element_type=\"section\" data-settings=\"{&quot;shape_divider_bottom&quot;:&quot;curve&quot;}\">\n\t\t\t\t\t\t\t<div class=\"elementor-background-overlay\"><\/div>\n\t\t\t\t\t\t<div class=\"elementor-shape elementor-shape-bottom\" aria-hidden=\"true\" data-negative=\"false\">\n\t\t\t<svg xmlns=\"http:\/\/www.w3.org\/2000\/svg\" viewbox=\"0 0 1000 100\" preserveaspectratio=\"none\">\n    <path class=\"elementor-shape-fill\" d=\"M1000,4.3V0H0v4.3C0.9,23.1,126.7,99.2,500,100S1000,22.7,1000,4.3z\"\/>\n<\/svg>\t\t<\/div>\n\t\t\t\t\t<div class=\"elementor-container elementor-column-gap-default\">\n\t\t\t\t\t<div class=\"elementor-column elementor-col-33 elementor-top-column elementor-element elementor-element-939f860\" data-id=\"939f860\" data-element_type=\"column\">\n\t\t\t<div class=\"elementor-widget-wrap elementor-element-populated\">\n\t\t\t\t\t\t<div class=\"elementor-element elementor-element-12c36c9 elementor-widget__width-initial elementor-widget elementor-widget-image\" data-id=\"12c36c9\" data-element_type=\"widget\" data-widget_type=\"image.default\">\n\t\t\t\t<div class=\"elementor-widget-container\">\n\t\t\t\t\t\t\t\t\t\t\t\t\t\t\t<img decoding=\"async\" width=\"768\" height=\"698\" src=\"https:\/\/www.sasretail.com\/wp-content\/uploads\/2023\/04\/SASRetail_PV_9.27.22_0537-contactpg1000-768x698.png\" class=\"attachment-medium_large size-medium_large wp-image-6553\" alt=\"\" srcset=\"https:\/\/www.sasretail.com\/wp-content\/uploads\/2023\/04\/SASRetail_PV_9.27.22_0537-contactpg1000-768x698.png 768w, https:\/\/www.sasretail.com\/wp-content\/uploads\/2023\/04\/SASRetail_PV_9.27.22_0537-contactpg1000-300x272.png 300w, https:\/\/www.sasretail.com\/wp-content\/uploads\/2023\/04\/SASRetail_PV_9.27.22_0537-contactpg1000-1024x930.png 1024w, https:\/\/www.sasretail.com\/wp-content\/uploads\/2023\/04\/SASRetail_PV_9.27.22_0537-contactpg1000-13x12.png 13w, https:\/\/www.sasretail.com\/wp-content\/uploads\/2023\/04\/SASRetail_PV_9.27.22_0537-contactpg1000.png 1504w\" sizes=\"(max-width: 768px) 100vw, 768px\" \/>\t\t\t\t\t\t\t\t\t\t\t\t\t\t\t<\/div>\n\t\t\t\t<\/div>\n\t\t\t\t\t<\/div>\n\t\t<\/div>\n\t\t\t\t<div class=\"elementor-column elementor-col-33 elementor-top-column elementor-element elementor-element-5c1d868\" data-id=\"5c1d868\" data-element_type=\"column\">\n\t\t\t<div class=\"elementor-widget-wrap elementor-element-populated\">\n\t\t\t\t\t\t<div class=\"elementor-element elementor-element-740bb1a elementor-widget elementor-widget-heading\" data-id=\"740bb1a\" data-element_type=\"widget\" data-widget_type=\"heading.default\">\n\t\t\t\t<div class=\"elementor-widget-container\">\n\t\t\t\t\t<h2 class=\"elementor-heading-title elementor-size-default\"><span style=\"color: var( --e-global-color-primary );font-family: var( --e-global-typography-primary-font-family ), roboto;font-size: 2rem;font-weight: var( --e-global-typography-primary-font-weight )\">MINORISTAS Y SOCIOS MINORISTAS <\/span><\/h2>\t\t\t\t<\/div>\n\t\t\t\t<\/div>\n\t\t\t\t<div class=\"elementor-element elementor-element-157a2af elementor-widget elementor-widget-text-editor\" data-id=\"157a2af\" data-element_type=\"widget\" data-widget_type=\"text-editor.default\">\n\t\t\t\t<div class=\"elementor-widget-container\">\n\t\t\t\t\t\t\t\t\t<p>Hoy, todos los d\u00edas, el equipo de SAS Retail Services hace realidad la visi\u00f3n de los socios minoristas y de bienes de consumo en Estados Unidos, Canad\u00e1 y Asia.<br \/>Como agentes del cambio en un sector en constante cambio, renovamos y rejuvenecemos los entornos minoristas. Con una potente tecnolog\u00eda integrada, optimizamos la comercializaci\u00f3n para sus clientes, su marca y sus tiendas individuales.<\/p><p>Somos un socio. No tenemos intenciones ocultas. Hacemos avanzar su visi\u00f3n.<\/p><p>Desde la trastienda hasta la cesta de la compra, en todas las categor\u00edas,<br \/>en cada paso del camino, hacemos avanzar las ventas.<\/p><p>Hacemos las cosas posibles como colaboradores e innovadores.<br \/>Desde la estrategia hasta el lineal, nuestra tecnolog\u00eda y experiencia<br \/>cumple en esos movimientos complejos al por menor. En<br \/>del reto a la soluci\u00f3n. De hoy a ma\u00f1ana. Hacemos<br \/>complejo simple y su <em>imposible<\/em> posible. Cualquier <strong>S<\/strong>desgarro. Cualquier<strong> A<\/strong>isla. Cualquier <strong>S<\/strong>ervicio.<\/p><p><strong>Movemos lo que te mueve.<\/strong><\/p>\t\t\t\t\t\t\t\t<\/div>\n\t\t\t\t<\/div>\n\t\t\t\t\t<\/div>\n\t\t<\/div>\n\t\t\t\t<div class=\"elementor-column elementor-col-33 elementor-top-column elementor-element elementor-element-e3a5db2\" data-id=\"e3a5db2\" data-element_type=\"column\">\n\t\t\t<div class=\"elementor-widget-wrap elementor-element-populated\">\n\t\t\t\t\t\t<div class=\"elementor-element elementor-element-44061ec elementor-widget__width-initial elementor-widget elementor-widget-image\" data-id=\"44061ec\" data-element_type=\"widget\" data-widget_type=\"image.default\">\n\t\t\t\t<div class=\"elementor-widget-container\">\n\t\t\t\t\t\t\t\t\t\t\t\t\t\t\t<img decoding=\"async\" width=\"768\" height=\"698\" src=\"https:\/\/www.sasretail.com\/wp-content\/uploads\/2023\/04\/SASRetail_PV_9.27.22_0537-contactpg1001-768x698.png\" class=\"attachment-medium_large size-medium_large wp-image-6552\" alt=\"\" srcset=\"https:\/\/www.sasretail.com\/wp-content\/uploads\/2023\/04\/SASRetail_PV_9.27.22_0537-contactpg1001-768x698.png 768w, https:\/\/www.sasretail.com\/wp-content\/uploads\/2023\/04\/SASRetail_PV_9.27.22_0537-contactpg1001-300x272.png 300w, https:\/\/www.sasretail.com\/wp-content\/uploads\/2023\/04\/SASRetail_PV_9.27.22_0537-contactpg1001-1024x930.png 1024w, https:\/\/www.sasretail.com\/wp-content\/uploads\/2023\/04\/SASRetail_PV_9.27.22_0537-contactpg1001-13x12.png 13w, https:\/\/www.sasretail.com\/wp-content\/uploads\/2023\/04\/SASRetail_PV_9.27.22_0537-contactpg1001.png 1504w\" sizes=\"(max-width: 768px) 100vw, 768px\" \/>\t\t\t\t\t\t\t\t\t\t\t\t\t\t\t<\/div>\n\t\t\t\t<\/div>\n\t\t\t\t\t<\/div>\n\t\t<\/div>\n\t\t\t\t\t<\/div>\n\t\t<\/section>\n\t\t\t\t<section class=\"elementor-section elementor-top-section elementor-element elementor-element-11cd910 elementor-section-boxed elementor-section-height-default elementor-section-height-default\" data-id=\"11cd910\" data-element_type=\"section\">\n\t\t\t\t\t\t<div class=\"elementor-container elementor-column-gap-default\">\n\t\t\t\t\t<div class=\"elementor-column elementor-col-100 elementor-top-column elementor-element elementor-element-ca84d2e\" data-id=\"ca84d2e\" data-element_type=\"column\">\n\t\t\t<div class=\"elementor-widget-wrap\">\n\t\t\t\t\t\t\t<\/div>\n\t\t<\/div>\n\t\t\t\t\t<\/div>\n\t\t<\/section>\n\t\t\t\t<section class=\"elementor-section elementor-top-section elementor-element elementor-element-b23d25a elementor-section-full_width elementor-section-height-default elementor-section-height-default\" data-id=\"b23d25a\" data-element_type=\"section\">\n\t\t\t\t\t\t<div class=\"elementor-container elementor-column-gap-default\">\n\t\t\t\t\t<div class=\"elementor-column elementor-col-33 elementor-top-column elementor-element elementor-element-40dd62f\" data-id=\"40dd62f\" data-element_type=\"column\">\n\t\t\t<div class=\"elementor-widget-wrap elementor-element-populated\">\n\t\t\t\t\t\t<div class=\"elementor-element elementor-element-d00e8cc elementor-widget elementor-widget-heading\" data-id=\"d00e8cc\" data-element_type=\"widget\" data-widget_type=\"heading.default\">\n\t\t\t\t<div class=\"elementor-widget-container\">\n\t\t\t\t\t<h2 class=\"elementor-heading-title elementor-size-default\">\u00bfC\u00d3MO PODEMOS HACER AVANZAR SU NEGOCIO?<\/h2>\t\t\t\t<\/div>\n\t\t\t\t<\/div>\n\t\t\t\t\t<\/div>\n\t\t<\/div>\n\t\t\t\t<div class=\"elementor-column elementor-col-66 elementor-top-column elementor-element elementor-element-4edeb57\" data-id=\"4edeb57\" data-element_type=\"column\">\n\t\t\t<div class=\"elementor-widget-wrap elementor-element-populated\">\n\t\t\t\t\t\t<div class=\"elementor-element elementor-element-fc4e0fe elementor-widget elementor-widget-text-editor\" data-id=\"fc4e0fe\" data-element_type=\"widget\" data-widget_type=\"text-editor.default\">\n\t\t\t\t<div class=\"elementor-widget-container\">\n\t\t\t\t\t\t\t\t\t<script charset=\"utf-8\" type=\"text\/javascript\" src=\"\/\/js.hsforms.net\/forms\/embed\/v2.js\"><\/script>\n<script>\n  hbspt.forms.create({\n    region: \"na1\",\n    portalId: \"1959463\",\n    formId: \"c555e2b2-0a65-4548-866a-b13d05dcbc45\"\n  });\n<\/script>\t\t\t\t\t\t\t\t<\/div>\n\t\t\t\t<\/div>\n\t\t\t\t\t<\/div>\n\t\t<\/div>\n\t\t\t\t\t<\/div>\n\t\t<\/section>\n\t\t\t\t<\/div>","protected":false},"excerpt":{"rendered":"<p>YOUR NEW CAREER IS #POSSIBLE HERE Join our people-powered team and help make things #possible at Retail! Click Here to search for available career opportunities near you. Want more information before you take action, click here to view a video where some members of our team describe their experience. Visit us Our Orange office: 1575 [&hellip;]<\/p>","protected":false},"author":1,"featured_media":0,"parent":0,"menu_order":0,"comment_status":"closed","ping_status":"closed","template":"elementor_header_footer","meta":{"content-type":"","footnotes":""},"class_list":["post-796","page","type-page","status-publish","hentry"],"acf":[],"_links":{"self":[{"href":"https:\/\/www.sasretail.com\/es\/wp-json\/wp\/v2\/pages\/796","targetHints":{"allow":["GET"]}}],"collection":[{"href":"https:\/\/www.sasretail.com\/es\/wp-json\/wp\/v2\/pages"}],"about":[{"href":"https:\/\/www.sasretail.com\/es\/wp-json\/wp\/v2\/types\/page"}],"author":[{"embeddable":true,"href":"https:\/\/www.sasretail.com\/es\/wp-json\/wp\/v2\/users\/1"}],"replies":[{"embeddable":true,"href":"https:\/\/www.sasretail.com\/es\/wp-json\/wp\/v2\/comments?post=796"}],"version-history":[{"count":0,"href":"https:\/\/www.sasretail.com\/es\/wp-json\/wp\/v2\/pages\/796\/revisions"}],"wp:attachment":[{"href":"https:\/\/www.sasretail.com\/es\/wp-json\/wp\/v2\/media?parent=796"}],"curies":[{"name":"wp","href":"https:\/\/api.w.org\/{rel}","templated":true}]}}